{"id":125,"date":"2025-03-14T11:37:34","date_gmt":"2025-03-14T10:37:34","guid":{"rendered":"https:\/\/dev.mariannefalck.de\/?page_id=125"},"modified":"2025-05-02T15:30:59","modified_gmt":"2025-05-02T13:30:59","slug":"home","status":"publish","type":"page","link":"https:\/\/mariannefalck.de\/","title":{"rendered":"home"},"content":{"rendered":"\n<div class=\"wp-block-group alignfull is-style-default has-global-padding is-layout-constrained wp-block-group-is-layout-constrained\" id=\"about\">\n<h2 class=\"wp-block-heading alignwide has-text-align-center\">\u00dcber<\/h2>\n\n\n\n<hr class=\"wp-block-separator has-alpha-channel-opacity\"\/>\n\n\n\n<p class=\"has-text-align-left\">Ich recherchiere seit vielen Jahren zu den Themen Ern\u00e4hrung und Gesundheit, h\u00e4ufig mit dem Fokus auf Lobbyismus.<\/p>\n\n\n\n<p>Als freiberufliche Journalistin und Filmemacherin arbeite\/ arbeitete ich u.a. f\u00fcr <em>S\u00fcddeutsche Zeitung, Frankfurter Allgemeine Zeitung, RiffReporter, Spektrum der Wissenschaft, Stern, ARD, BR, MDR<\/em> und diverse Produktionsfirmen.<\/p>\n\n\n\n<p>Auf riffreporter.de erscheint 14-t\u00e4gig meine Kolumne<a href=\"https:\/\/www.riffreporter.de\/de\/kolumne-einfach-besser-essen-marianne-falck\" target=\"_blank\" rel=\"noreferrer noopener\"> <em>Einfach besser essen.<\/em><\/a>&nbsp;<\/p>\n\n\n\n<p>Beispiele weiterer Recherchen findet ihr hier:&nbsp;<\/p>\n\n\n\n<p><em>Der unheimliche Konzern Monsanto \u2013 von \u201eAgent Orange\u201c zum genmanipulierten Mais<\/em>.&nbsp;Der Artikel erschien 2013 in der S\u00fcddeutschen Zeitung (<a href=\"https:\/\/www.linkedin.com\/in\/marianne-falck-79140644\/overlay\/50004767\/single-media-viewer\/?profileId=ACoAAAlQnN0BF5dUmfFH9eA3fJSriuna3ulTMng\" target=\"_blank\" rel=\"noreferrer noopener\">pdf<\/a>).<\/p>\n\n\n\n<p><em>Die s\u00fc\u00dfe Verf\u00fchrung der Zuckerlobby<br><\/em>Die Doku wurde im Bayerischen Fernsehen 2016 ausgestrahlt, sie ist nicht mehr in der Mediathek abrufbar.<\/p>\n<\/div>\n\n\n\n<div style=\"height:40px\" aria-hidden=\"true\" class=\"wp-block-spacer\"><\/div>\n\n\n\n<div class=\"wp-block-group alignfull has-global-padding is-layout-constrained wp-block-group-is-layout-constrained\" id=\"book\">\n<h2 class=\"wp-block-heading alignwide has-text-align-center\">Buch<\/h2>\n\n\n\n<hr class=\"wp-block-separator has-alpha-channel-opacity\"\/>\n\n\n\n<div class=\"wp-block-columns is-layout-flex wp-container-core-columns-is-layout-28f84493 wp-block-columns-is-layout-flex\">\n<div class=\"wp-block-column has-global-padding is-layout-constrained wp-block-column-is-layout-constrained\">\n<p class=\"has-text-align-left\">Mein Sachbuch \u201eZuckerfrei von Anfang an\u201c ist 2020 im Heyne Verlag erschienen. Die Idee dazu kam mir, nachdem ich mit Kolleg:innen einen Dokumentarfilm \u00fcber die Zuckerlobby gedreht hatte.<\/p>\n\n\n\n<p>Das Buch schaut hinter die Kulissen der Zuckerindustrie und gibt erprobte Strategien an die Hand, wie ihr euch als Familie lecker und gesund ern\u00e4hren k\u00f6nnt. <a href=\"https:\/\/www.penguin.de\/content\/edition\/excerpts_extended\/Leseprobe_978-3-453-60523-7.pdf\" target=\"_blank\" rel=\"noreferrer noopener\">Hier<\/a> findet ihr eine Leseprobe.<\/p>\n\n\n\n<p class=\"has-text-align-left\">\u201e<em>Dieses Buch\u2026 ist Gold wert<\/em>\u201c, findet das \u00d6kotest Magazin (10\/2021).<\/p>\n<\/div>\n\n\n\n<div class=\"wp-block-column has-global-padding is-layout-constrained wp-block-column-is-layout-constrained\">\n<figure class=\"wp-block-image aligncenter size-full is-resized\"><a href=\"https:\/\/www.penguin.de\/buecher\/marianne-falck-zuckerfrei-von-anfang-an\/paperback\/9783453605237\" target=\"_blank\"><img loading=\"lazy\" decoding=\"async\" width=\"350\" height=\"534\" src=\"https:\/\/dev.mariannefalck.de\/wp-content\/uploads\/2025\/03\/Buchcover_Copyright-Randomhouse.jpg\" alt=\"\" class=\"wp-image-64\" style=\"box-shadow:var(--wp--preset--shadow--natural);width:199px;height:auto\" srcset=\"https:\/\/mariannefalck.de\/wp-content\/uploads\/2025\/03\/Buchcover_Copyright-Randomhouse.jpg 350w, https:\/\/mariannefalck.de\/wp-content\/uploads\/2025\/03\/Buchcover_Copyright-Randomhouse-197x300.jpg 197w\" sizes=\"auto, (max-width: 350px) 100vw, 350px\" \/><\/a><\/figure>\n<\/div>\n<\/div>\n\n\n\n<div class=\"wp-block-buttons is-content-justification-center is-layout-flex wp-container-core-buttons-is-layout-a89b3969 wp-block-buttons-is-layout-flex\">\n<div class=\"wp-block-button\"><a class=\"wp-block-button__link wp-element-button\" href=\"https:\/\/www.penguin.de\/buecher\/marianne-falck-zuckerfrei-von-anfang-an\/paperback\/9783453605237\" target=\"_blank\" rel=\"noreferrer noopener\">\u201e<em>Zuckerfrei von Anfang an<\/em>\u201c jetzt bestellen<\/a><\/div>\n<\/div>\n<\/div>\n\n\n\n<div style=\"height:40px\" aria-hidden=\"true\" class=\"wp-block-spacer\"><\/div>\n\n\n\n<div class=\"wp-block-group alignfull has-global-padding is-layout-constrained wp-block-group-is-layout-constrained\" id=\"publications\">\n<h2 class=\"wp-block-heading alignwide has-text-align-center\">Ver\u00f6ffentlichungen<\/h2>\n\n\n\n<hr class=\"wp-block-separator has-alpha-channel-opacity\"\/>\n\n\n\n<p class=\"has-text-align-left\">Meine aktuellen Recherchen, die ich auf RiffReporter ver\u00f6ffentliche, k\u00f6nnt ihr  <a href=\"https:\/\/www.riffreporter.de\/de\/autorinnen-und-autoren\/marianne-falck\" data-type=\"link\" data-id=\"https:\/\/www.riffreporter.de\/de\/autorinnen-und-autoren\/marianne-falck\" target=\"_blank\" rel=\"noreferrer noopener\">hier<\/a> nachlesen.<\/p>\n\n\n\n<figure class=\"wp-block-image aligncenter size-full is-resized\"><a href=\"https:\/\/www.riffreporter.de\/de\/autorinnen-und-autoren\/marianne-falck\" target=\"_blank\"><img loading=\"lazy\" decoding=\"async\" width=\"444\" height=\"250\" src=\"https:\/\/dev.mariannefalck.de\/wp-content\/uploads\/2025\/03\/RiFF-transparent.jpg\" alt=\"\" class=\"wp-image-108\" style=\"box-shadow:var(--wp--preset--shadow--natural);width:365px;height:auto\" srcset=\"https:\/\/mariannefalck.de\/wp-content\/uploads\/2025\/03\/RiFF-transparent.jpg 444w, https:\/\/mariannefalck.de\/wp-content\/uploads\/2025\/03\/RiFF-transparent-300x169.jpg 300w\" sizes=\"auto, (max-width: 444px) 100vw, 444px\" \/><\/a><\/figure>\n<\/div>\n\n\n\n<div style=\"height:40px\" aria-hidden=\"true\" class=\"wp-block-spacer\"><\/div>\n\n\n\n<div class=\"wp-block-group alignfull has-global-padding is-layout-constrained wp-block-group-is-layout-constrained\" id=\"speaking\">\n<h2 class=\"wp-block-heading alignwide has-text-align-center\">Vortr\u00e4ge<\/h2>\n\n\n\n<hr class=\"wp-block-separator has-alpha-channel-opacity\"\/>\n\n\n\n<div class=\"wp-block-columns is-layout-flex wp-container-core-columns-is-layout-28f84493 wp-block-columns-is-layout-flex\">\n<div class=\"wp-block-column is-layout-flow wp-block-column-is-layout-flow\">\n<p>Ihr k\u00f6nnt mich f\u00fcr eine Veranstaltung oder f\u00fcr ein digitales Event buchen. Gerne erstelle ich ein unverbindliches Angebot. <a href=\"#contact\">Und so<\/a> k\u00f6nnt ihr mich erreichen.<\/p>\n<\/div>\n\n\n\n<div class=\"wp-block-column is-layout-flow wp-block-column-is-layout-flow\">\n<figure class=\"wp-block-image aligncenter size-full\"><img loading=\"lazy\" decoding=\"async\" width=\"231\" height=\"351\" src=\"https:\/\/dev.mariannefalck.de\/wp-content\/uploads\/2025\/05\/Foto-BarCamp_img_9058-1.jpg\" alt=\"\" class=\"wp-image-180\" style=\"box-shadow:var(--wp--preset--shadow--natural)\" srcset=\"https:\/\/mariannefalck.de\/wp-content\/uploads\/2025\/05\/Foto-BarCamp_img_9058-1.jpg 231w, https:\/\/mariannefalck.de\/wp-content\/uploads\/2025\/05\/Foto-BarCamp_img_9058-1-197x300.jpg 197w\" sizes=\"auto, (max-width: 231px) 100vw, 231px\" \/><\/figure>\n<\/div>\n<\/div>\n<\/div>\n\n\n\n<div style=\"height:40px\" aria-hidden=\"true\" class=\"wp-block-spacer\"><\/div>\n\n\n\n<div class=\"wp-block-group alignfull has-global-padding is-layout-constrained wp-block-group-is-layout-constrained\" id=\"rewards\">\n<h2 class=\"wp-block-heading alignwide has-text-align-center\">Auszeichnungen<\/h2>\n\n\n\n<hr class=\"wp-block-separator has-alpha-channel-opacity\"\/>\n\n\n\n<p class=\"has-text-align-left\">F\u00fcr meine Arbeit erhielt ich verschiedene Stipendien und Auszeichnungen:&nbsp;Zum Beispiel ein Recherche-Stipendium von netzwerk&nbsp;recherche und der Olin Stiftung f\u00fcr meine Recherche \u00fcber die Langzeitfolgen der <a href=\"https:\/\/www.riffreporter.de\/de\/gesellschaft\/deepwater-oelpest-bp\" target=\"_blank\" rel=\"noreferrer noopener\">Deepwater Horizon Katastrophe.<\/a><\/p>\n\n\n\n<p>F\u00fcr den Film \u201eDie s\u00fc\u00dfe Verf\u00fchrung der Zuckerlobby\u201c (BR) erhielt ich&nbsp;zusammen mit meinen Kolleg:innen Almut Gronauer und Hendrik Loven den Medienpreis TV der Stiftung Rufzeichen Gesundheit sowie den Medienpreis der Deutschen Diabetes Gesellschaft (2017).<\/p>\n\n\n\n<p class=\"has-text-align-left\">Weitere Stipendien, die meine Arbeit unterst\u00fctzt haben: Stipendium der Bosch Stiftung f\u00fcr die Masterclass \u201eZukunft des Wissenschaftsjournalismus\u201d (2014), Stipendium \u201eNachhaltige Wirtschaft\u201d des Forum Qualit\u00e4tsjournalismus und der Wirtschaftswoche, Stipendium der Film- und Medienstiftung NRW (2012) und ein Stipendium der Filmf\u00f6rderungsanstalt FFA (2010), das mich f\u00fcr 3 Monate nach Hollywood und Los Angeles f\u00fchrte.<\/p>\n<\/div>\n","protected":false},"excerpt":{"rendered":"<p>\u00dcber Ich recherchiere seit vielen Jahren zu den Themen Ern\u00e4hrung und Gesundheit, h\u00e4ufig mit dem Fokus auf Lobbyismus. Als freiberufliche Journalistin und Filmemacherin arbeite\/ arbeitete ich u.a. f\u00fcr S\u00fcddeutsche Zeitung, Frankfurter Allgemeine Zeitung, RiffReporter, Spektrum der Wissenschaft, Stern, ARD, BR, MDR und diverse Produktionsfirmen. Auf riffreporter.de erscheint 14-t\u00e4gig meine Kolumne Einfach besser essen.&nbsp; Beispiele weiterer [&hellip;]<\/p>\n","protected":false},"author":1,"featured_media":0,"parent":0,"menu_order":0,"comment_status":"closed","ping_status":"closed","template":"","meta":{"footnotes":""},"class_list":["post-125","page","type-page","status-publish","hentry"],"_links":{"self":[{"href":"https:\/\/mariannefalck.de\/index.php?rest_route=\/wp\/v2\/pages\/125","targetHints":{"allow":["GET"]}}],"collection":[{"href":"https:\/\/mariannefalck.de\/index.php?rest_route=\/wp\/v2\/pages"}],"about":[{"href":"https:\/\/mariannefalck.de\/index.php?rest_route=\/wp\/v2\/types\/page"}],"author":[{"embeddable":true,"href":"https:\/\/mariannefalck.de\/index.php?rest_route=\/wp\/v2\/users\/1"}],"replies":[{"embeddable":true,"href":"https:\/\/mariannefalck.de\/index.php?rest_route=%2Fwp%2Fv2%2Fcomments&post=125"}],"version-history":[{"count":17,"href":"https:\/\/mariannefalck.de\/index.php?rest_route=\/wp\/v2\/pages\/125\/revisions"}],"predecessor-version":[{"id":181,"href":"https:\/\/mariannefalck.de\/index.php?rest_route=\/wp\/v2\/pages\/125\/revisions\/181"}],"wp:attachment":[{"href":"https:\/\/mariannefalck.de\/index.php?rest_route=%2Fwp%2Fv2%2Fmedia&parent=125"}],"curies":[{"name":"wp","href":"https:\/\/api.w.org\/{rel}","templated":true}]}}